{"id":196,"date":"2020-12-20T18:09:07","date_gmt":"2020-12-20T17:09:07","guid":{"rendered":"http:\/\/192.168.0.14\/mimi\/?page_id=196"},"modified":"2026-04-17T07:25:35","modified_gmt":"2026-04-17T05:25:35","slug":"gaestebuch-von-mimi","status":"publish","type":"page","link":"https:\/\/mimi-hp.walo-hp.ch\/?page_id=196","title":{"rendered":"G\u00e4stebuch von Mimi"},"content":{"rendered":"\t\t<div data-elementor-type=\"wp-page\" data-elementor-id=\"196\" class=\"elementor elementor-196\">\n\t\t\t\t<div class=\"elementor-element elementor-element-78d0d4f9 e-flex e-con-boxed e-con e-parent\" data-id=\"78d0d4f9\" data-element_type=\"container\" data-e-type=\"container\">\n\t\t\t\t\t<div class=\"e-con-inner\">\n\t\t\t\t<div class=\"elementor-element elementor-element-7cc2227 elementor-widget elementor-widget-shortcode\" data-id=\"7cc2227\" data-element_type=\"widget\" data-e-type=\"widget\" data-widget_type=\"shortcode.default\">\n\t\t\t\t\t\t\t<div class=\"elementor-shortcode\"><div class=\"gwolle-gb\"><div class=\"gwolle-gb-messages-top-container\"><\/div>\n\t\t\t<div class=\"gwolle-gb-write-button\">\n\t\t\t\t<input type=\"button\" name=\"gwolle-gb-write-button\" class=\"button btn btn-default \" value=\"Neuen Eintrag schreiben\" aria-expanded=\"false\" \/>\n\t\t\t<\/div>\n\t\t\t<form action=\"#\" method=\"POST\" class=\"gwolle-gb-write gwolle-gb-hide gwolle-gb-float gwolle-gb-form-ajax gwolle-gb-ajax gwolle-gb-not-logged-in\">\n\t\t\t\t<h3>Einen neuen Eintrag f\u00fcr das G\u00e4stebuch schreiben<\/h3>\n\t\t\t\t<button type=\"button\" class=\"gb-notice-dismiss\">x<span class=\"screen-reader-text\">Dieses Formular ausblenden<\/span><\/button>\n\t\t\t\n\t\t\t\t<input type=\"hidden\" name=\"gwolle_gb_function\" class=\"gwolle_gb_function\" value=\"add_entry\" \/><input type=\"hidden\" name=\"gwolle_gb_book_id\" class=\"gwolle_gb_book_id\" value=\"1\" \/><div class=\"gwolle_gb_3306de2f0325cb03784caa0a64777a36\">\n\t\t\t\t<div class=\"label\"><label for=\"gwolle_gb_3306de2f0325cb03784caa0a64777a36-1\" class=\"text-info\">Name <span class=\"required\">*<\/span><\/label><\/div>\n\t\t\t\t<div class=\"input\"><input class=\"wp-exclude-emoji gwolle_gb_3306de2f0325cb03784caa0a64777a36\" value=\"\" type=\"text\" id=\"gwolle_gb_3306de2f0325cb03784caa0a64777a36-1\" name=\"gwolle_gb_3306de2f0325cb03784caa0a64777a36\" required \/><\/div>\n\t\t\t\t<div class=\"clearBoth\">&nbsp;<\/div>\n\t\t\t<\/div><div class=\"gwolle_gb_326986a0ee23c7d19d9c5c4b1f5edbd0\">\n\t\t\t\t\t<div class=\"label\"><label for=\"gwolle_gb_326986a0ee23c7d19d9c5c4b1f5edbd0-1\" class=\"text-info\">Stadt<\/label><\/div>\n\t\t\t\t\t<div class=\"input\"><input class=\"wp-exclude-emoji gwolle_gb_326986a0ee23c7d19d9c5c4b1f5edbd0\" value=\"\" type=\"text\" id=\"gwolle_gb_326986a0ee23c7d19d9c5c4b1f5edbd0-1\" name=\"gwolle_gb_326986a0ee23c7d19d9c5c4b1f5edbd0\" \/><\/div>\n\t\t\t\t\t<div class=\"clearBoth\">&nbsp;<\/div>\n\t\t\t\t<\/div><div class=\"gwolle_gb_491f30564ecdcc54140c21326f09cb56\">\n\t\t\t\t<div class=\"label\"><label for=\"gwolle_gb_491f30564ecdcc54140c21326f09cb56-1\" class=\"text-info\">E-Mail <span class=\"required\">*<\/span><\/label><\/div>\n\t\t\t\t<div class=\"input\"><input class=\"gwolle_gb_491f30564ecdcc54140c21326f09cb56\" value=\"\" type=\"email\" id=\"gwolle_gb_491f30564ecdcc54140c21326f09cb56-1\" name=\"gwolle_gb_491f30564ecdcc54140c21326f09cb56\" required \/><\/div>\n\t\t\t\t<div class=\"clearBoth\">&nbsp;<\/div>\n\t\t\t<\/div><div class=\"gwolle_gb_e002e5df516b607d771d6d4306745818\">\n\t\t\t\t<div class=\"label\"><label for=\"gwolle_gb_e002e5df516b607d771d6d4306745818-1\" class=\"text-info\">Website<\/label><\/div>\n\t\t\t\t<div class=\"input\"><input class=\"gwolle_gb_e002e5df516b607d771d6d4306745818\" value=\"\" type=\"url\" id=\"gwolle_gb_e002e5df516b607d771d6d4306745818-1\" name=\"gwolle_gb_e002e5df516b607d771d6d4306745818\" \/><\/div>\n\t\t\t\t<div class=\"clearBoth\">&nbsp;<\/div>\n\t\t\t<\/div>\n\t\t\t<div class=\"gwolle_gb_d1d2473f38b961b1ebe5ef8d4f8fc367\" style=\"display:none;overflow:hidden;\" hidden=\"true\" aria-hidden=\"true\">\n\t\t\t\t<div class=\"label\">\n\t\t\t\t\t<label for=\"gwolle_gb_d1d2473f38b961b1ebe5ef8d4f8fc367-1\" class=\"text-primary\">Hier nichts eingeben<\/label>\n\t\t\t\t\t<label for=\"gwolle_gb_c1978cb89050addb250b712374fbeb8b-1\" class=\"text-primary\">Hier nichts eingeben<\/label>\n\t\t\t\t<\/div>\n\t\t\t\t<div class=\"input\">\n\t\t\t\t\t<input value=\"94\" type=\"text\" id=\"gwolle_gb_d1d2473f38b961b1ebe5ef8d4f8fc367-1\" name=\"gwolle_gb_d1d2473f38b961b1ebe5ef8d4f8fc367\" class=\"gwolle_gb_d1d2473f38b961b1ebe5ef8d4f8fc367\" style=\"transform: translateY(10000px);\" \/>\n\t\t\t\t\t<input value=\"\" type=\"text\" name=\"gwolle_gb_c1978cb89050addb250b712374fbeb8b\" id=\"gwolle_gb_c1978cb89050addb250b712374fbeb8b-1\" class=\"gwolle_gb_c1978cb89050addb250b712374fbeb8b\" style=\"transform: translateY(10000px);\" \/>\n\t\t\t\t<\/div>\n\t\t\t\t<div class=\"clearBoth\"><\/div>\n\t\t\t<\/div>\n\t\t\t<div class=\"gwolle_gb_9f015684ae51324f87a2a88288bb256e\" style=\"display:none;overflow:hidden;\" hidden=\"true\" aria-hidden=\"true\">\n\t\t\t\t<div class=\"label\">\n\t\t\t\t\t<label for=\"gwolle_gb_9f015684ae51324f87a2a88288bb256e-1\" class=\"text-primary\">Hier nichts eingeben<\/label>\n\t\t\t\t\t<label for=\"gwolle_gb_41a224cbc043a2364c62dcc8a553d9c4-1\" class=\"text-primary\">Hier nichts eingeben<\/label>\n\t\t\t\t<\/div>\n\t\t\t\t<div class=\"input\">\n\t\t\t\t\t<input value=\"67172\" type=\"text\" id=\"gwolle_gb_9f015684ae51324f87a2a88288bb256e-1\" name=\"gwolle_gb_9f015684ae51324f87a2a88288bb256e\" class=\"gwolle_gb_9f015684ae51324f87a2a88288bb256e\" style=\"transform: translateY(10000px);\" \/>\n\t\t\t\t\t<input value=\"67172\" type=\"text\"id=\"gwolle_gb_41a224cbc043a2364c62dcc8a553d9c4-1\" name=\"gwolle_gb_41a224cbc043a2364c62dcc8a553d9c4\" class=\"gwolle_gb_41a224cbc043a2364c62dcc8a553d9c4\" style=\"transform: translateY(10000px);\" \/>\n\t\t\t\t<\/div>\n\t\t\t\t<div class=\"clearBoth\"><\/div>\n\t\t\t<\/div><div class=\"gwolle_gb_content\">\n\t\t\t\t<div class=\"label\"><label for=\"gwolle_gb_content-1\" class=\"text-info\">G\u00e4stebucheintrag <span class=\"required\">*<\/span><\/label><\/div>\n\t\t\t\t<div class=\"input\"><textarea id=\"gwolle_gb_content-1\" name=\"gwolle_gb_content\" class=\"gwolle_gb_content wp-exclude-emoji\" required ><\/textarea><\/div>\n\t\t\t\t\t<div class=\"clearBoth\">&nbsp;<\/div>\n\t\t\t\t<\/div><input type=\"hidden\" class=\"gwolle_gb_f641bb625e951316493dd73bb968f690\" id=\"gwolle_gb_f641bb625e951316493dd73bb968f690-1\" name=\"gwolle_gb_f641bb625e951316493dd73bb968f690\" value=\"17285f98e4\" \/>\n\t\t\t<div class=\"gwolle-gb-messages-bottom-container\"><\/div>\n\n\t\t\t<noscript><div class=\"no-js\">Warnung: Dieses Formular kann nur verwendet werden, wenn in deinem Browser JavaScript aktiviert ist.<\/div><\/noscript>\n\n\t\t\t<div class=\"gwolle_gb_submit gwolle-gb-submit\">\n\t\t\t\t<div class=\"label gwolle-gb-invisible text-muted\">&nbsp;<\/div>\n\t\t\t\t<div class=\"input\">\n\t\t\t\t\t<input type=\"submit\" name=\"gwolle_gb_submit\" class=\"gwolle_gb_submit button btn btn-primary \" value=\"Absenden\" \/>\n\t\t\t\t\t<span class=\"gwolle_gb_submit_ajax_icon gwolle-gb-submit-ajax-icon\"><\/span>\n\t\t\t\n\t\t\t\t<\/div>\n\t\t\t\t<div class=\"clearBoth\">&nbsp;<\/div>\n\t\t\t<\/div>\n\n\t\t\t<div class=\"gwolle_gb_notice gwolle-gb-notice\">\n\t\t\t\tMit * gekennzeichnete Felder sind erforderlich.<br \/>\r\nDeine E-Mail-Adresse wird nicht ver\u00f6ffentlicht.<br \/>\r\nEs ist m\u00f6glich, dass dein Eintrag im G\u00e4stebuch erst sichtbar ist, nachdem wir ihn \u00fcberpr\u00fcft haben.<br \/>\r\nWir behalten uns vor, Eintr\u00e4ge zu bearbeiten, zu l\u00f6schen oder nicht zu ver\u00f6ffentlichen.\n\t\t\t<\/div><\/form><div class=\"gwolle-gb-read gwolle-gb-ajax gwolle-gb-entries-list\" data-book_id=\"1\" data-page_id=\"1\">\n\t\t<div id=\"gwolle-gb-total\" class=\"gwolle-gb-total\">2 Eintr\u00e4ge<\/div><!-- Gwolle-GB Entry: Default Template Loaded -->\n\t\t\t\t<div class=\"gb-entry gb-entry_4 gb-entry-count_1 gwolle-gb-uneven gwolle-gb-first\" id=\"gb-entry_4\" data-entry_id=\"4\">\n\t\t\t\t<article>\n\t\t\t\t\t<div class=\"gb-author-info\">\n\t\t\t\t\t\t<span class=\"gb-author-avatar\"><img referrerpolicy=\"no-referrer\" alt='Lele' src='https:\/\/secure.gravatar.com\/avatar\/b77a1bb63c78feeb4c9cf5715e118475d80e0c3069e70755cc064c70b430758e?s=32&#038;d=monsterid&#038;r=g' srcset='https:\/\/secure.gravatar.com\/avatar\/b77a1bb63c78feeb4c9cf5715e118475d80e0c3069e70755cc064c70b430758e?s=64&#038;d=monsterid&#038;r=g 2x' class='avatar avatar-32 photo' height='32' width='32' \/><\/span>\n\t\t\t\t\t\t<span class=\"gb-author-name\">Lele\n\t\t\t\t\t\t<\/span>\n\t\t\t\t\t\t<span class=\"gb-author-origin\">\n\t\t\t\t\t\t\t<span class=\"gb-author-origin-from-text\"> aus<\/span>\n\t\t\t\t\t\t\t<span class=\"gb-author-origin-text\"> Pratteln<\/span>\n\t\t\t\t\t\t<\/span>\n\t\t\t\t\t\t<span class=\"gb-datetime\">\n\t\t\t\t\t\t\t<span class=\"gb-date\"><span class=\"gb-date-wrote-text\"> schrieb am<\/span><span class=\"gb-date-text\"> 1. Mai 2021<\/span>\n\t\t\t\t\t\t\t<\/span><span class=\"gb-time\">\n\t\t\t\t\t\t\t\t\t<span class=\"gb-time-at-text\"> um<\/span>\n\t\t\t\t\t\t\t\t\t<span class=\"gb-time-text\"> 21:00<\/span>\n\t\t\t\t\t\t\t\t<\/span>\n\t\t\t\t\t\t<\/span> \n\t\t\t\t\t<\/div>\n\t\t\t\t\t<div class=\"gb-entry-content\">Ich find die Website sehr hilf reich\n\t\t\t\t\t<\/div>\n\t\t\t\t<\/article>\n\t\t\t<\/div>\n\t\t\t<div class=\"gb-entry gb-entry_3 gb-entry-count_2 gwolle-gb-even\" id=\"gb-entry_3\" data-entry_id=\"3\">\n\t\t\t\t<article>\n\t\t\t\t\t<div class=\"gb-author-info\">\n\t\t\t\t\t\t<span class=\"gb-author-avatar\"><img referrerpolicy=\"no-referrer\" alt='Ren\u00e9' src='https:\/\/secure.gravatar.com\/avatar\/cecc4b55b57534b5fbf23f7a15edceb4313b17a3345d521c8a1b43c775959581?s=32&#038;d=monsterid&#038;r=g' srcset='https:\/\/secure.gravatar.com\/avatar\/cecc4b55b57534b5fbf23f7a15edceb4313b17a3345d521c8a1b43c775959581?s=64&#038;d=monsterid&#038;r=g 2x' class='avatar avatar-32 photo' height='32' width='32' \/><\/span>\n\t\t\t\t\t\t<span class=\"gb-author-name\"><a href=\"http:\/\/walo-hp.ch\" target=\"_blank\" rel=\"nofollow noopener noreferrer\"\n\t\t\t\t\t\t\ttitle=\"Besuche die Website von Ren\u00e9: http:\/\/walo-hp.ch\">Ren\u00e9<\/a>\n\t\t\t\t\t\t<\/span>\n\t\t\t\t\t\t<span class=\"gb-author-origin\">\n\t\t\t\t\t\t\t<span class=\"gb-author-origin-from-text\"> aus<\/span>\n\t\t\t\t\t\t\t<span class=\"gb-author-origin-text\"> Pratteln<\/span>\n\t\t\t\t\t\t<\/span>\n\t\t\t\t\t\t<span class=\"gb-datetime\">\n\t\t\t\t\t\t\t<span class=\"gb-date\"><span class=\"gb-date-wrote-text\"> schrieb am<\/span><span class=\"gb-date-text\"> 25. Dezember 2020<\/span>\n\t\t\t\t\t\t\t<\/span><span class=\"gb-time\">\n\t\t\t\t\t\t\t\t\t<span class=\"gb-time-at-text\"> um<\/span>\n\t\t\t\t\t\t\t\t\t<span class=\"gb-time-text\"> 11:57<\/span>\n\t\t\t\t\t\t\t\t<\/span>\n\t\t\t\t\t\t<\/span> \n\t\t\t\t\t<\/div>\n\t\t\t\t\t<div class=\"gb-entry-content\">Deine Homepage wird ja richtig Klasse, weiter so.\n\t\t\t\t\t<\/div>\n\t\t\t\t<\/article>\n\t\t\t<\/div>\n\t\t\t<\/div><\/div><\/div>\n\t\t\t\t\t\t<\/div>\n\t\t\t\t\t<\/div>\n\t\t\t\t<\/div>\n\t\t\t\t<\/div>\n\t\t","protected":false},"excerpt":{"rendered":"","protected":false},"author":1,"featured_media":0,"parent":0,"menu_order":0,"comment_status":"closed","ping_status":"closed","template":"","meta":{"footnotes":""},"class_list":["post-196","page","type-page","status-publish","hentry"],"_links":{"self":[{"href":"https:\/\/mimi-hp.walo-hp.ch\/index.php?rest_route=\/wp\/v2\/pages\/196","targetHints":{"allow":["GET"]}}],"collection":[{"href":"https:\/\/mimi-hp.walo-hp.ch\/index.php?rest_route=\/wp\/v2\/pages"}],"about":[{"href":"https:\/\/mimi-hp.walo-hp.ch\/index.php?rest_route=\/wp\/v2\/types\/page"}],"author":[{"embeddable":true,"href":"https:\/\/mimi-hp.walo-hp.ch\/index.php?rest_route=\/wp\/v2\/users\/1"}],"replies":[{"embeddable":true,"href":"https:\/\/mimi-hp.walo-hp.ch\/index.php?rest_route=%2Fwp%2Fv2%2Fcomments&post=196"}],"version-history":[{"count":4,"href":"https:\/\/mimi-hp.walo-hp.ch\/index.php?rest_route=\/wp\/v2\/pages\/196\/revisions"}],"predecessor-version":[{"id":257,"href":"https:\/\/mimi-hp.walo-hp.ch\/index.php?rest_route=\/wp\/v2\/pages\/196\/revisions\/257"}],"wp:attachment":[{"href":"https:\/\/mimi-hp.walo-hp.ch\/index.php?rest_route=%2Fwp%2Fv2%2Fmedia&parent=196"}],"curies":[{"name":"wp","href":"https:\/\/api.w.org\/{rel}","templated":true}]}}